{"id":24,"date":"2016-12-13T15:37:06","date_gmt":"2016-12-13T15:37:06","guid":{"rendered":"http:\/\/ultrataka.lv\/eng\/?page_id=24"},"modified":"2024-12-04T21:05:15","modified_gmt":"2024-12-04T19:05:15","slug":"photovideo","status":"publish","type":"page","link":"https:\/\/ultrataka.lv\/eng\/photovideo\/","title":{"rendered":"Photo\/video"},"content":{"rendered":"<h4>Moments and colors from\u00a0R\u012bga-Valmiera 107 km<\/h4>\n<p><iframe loading=\"lazy\" title=\"R\u012bga - Valmiera 107 km Latvijas atjauno\u0161anas sv\u0113tkos (04.05.2024)\" width=\"640\" height=\"360\" src=\"https:\/\/www.youtube.com\/embed\/TSi41JyJPTs?feature=oembed\" frameborder=\"0\" allow=\"accelerometer; autoplay; clipboard-write; encrypted-media; gyroscope; picture-in-picture; web-share\" referrerpolicy=\"strict-origin-when-cross-origin\" allowfullscreen><\/iframe><\/p>\n<p><iframe loading=\"lazy\" title=\"R\u012bga-Valmiera 2023\" width=\"640\" height=\"360\" src=\"https:\/\/www.youtube.com\/embed\/haGSh99qgQE?feature=oembed\" frameborder=\"0\" allow=\"accelerometer; autoplay; clipboard-write; encrypted-media; gyroscope; picture-in-picture; web-share\" referrerpolicy=\"strict-origin-when-cross-origin\" allowfullscreen><\/iframe><\/p>\n<p><iframe loading=\"lazy\" title=\"Skr\u0113jienso\u013cojums Riga-Valmiera 2022\" width=\"640\" height=\"360\" src=\"https:\/\/www.youtube.com\/embed\/yz2KEYwUrRY?feature=oembed\" frameborder=\"0\" allow=\"accelerometer; autoplay; clipboard-write; encrypted-media; gyroscope; picture-in-picture; web-share\" referrerpolicy=\"strict-origin-when-cross-origin\" allowfullscreen><\/iframe><\/p>\n<p><iframe loading=\"lazy\" title=\"Skr\u0113jienso\u013cojums R\u012bga - Valmiera 2021\" width=\"640\" height=\"360\" src=\"https:\/\/www.youtube.com\/embed\/MPPek3gSXFg?feature=oembed\" frameborder=\"0\" allow=\"accelerometer; autoplay; clipboard-write; encrypted-media; gyroscope; picture-in-picture; web-share\" referrerpolicy=\"strict-origin-when-cross-origin\" allowfullscreen><\/iframe><\/p>\n<p><iframe loading=\"lazy\" title=\"R\u012bga-Valmiera 2020\" width=\"640\" height=\"360\" src=\"https:\/\/www.youtube.com\/embed\/tRgYQHbkuNE?feature=oembed\" frameborder=\"0\" allow=\"accelerometer; autoplay; clipboard-write; encrypted-media; gyroscope; picture-in-picture; web-share\" referrerpolicy=\"strict-origin-when-cross-origin\" allowfullscreen><\/iframe><\/p>\n<p><iframe loading=\"lazy\" title=\"107 mirk\u013ci no labdar\u012bbas skr\u0113jienso\u013cojuma R\u012bga-Valmiera 2019\" width=\"640\" height=\"360\" src=\"https:\/\/www.youtube.com\/embed\/p9XRrXVcRiU?feature=oembed\" frameborder=\"0\" allow=\"accelerometer; autoplay; clipboard-write; encrypted-media; gyroscope; picture-in-picture; web-share\" referrerpolicy=\"strict-origin-when-cross-origin\" allowfullscreen><\/iframe><\/p>\n<p>&nbsp;<\/p>\n<p><iframe loading=\"lazy\" title=\"Skr\u0113jienso\u013cojums R\u012bga - Valmiera 2018\" width=\"640\" height=\"360\" src=\"https:\/\/www.youtube.com\/embed\/NXRdQUyOuII?feature=oembed\" frameborder=\"0\" allow=\"accelerometer; autoplay; clipboard-write; encrypted-media; gyroscope; picture-in-picture; web-share\" referrerpolicy=\"strict-origin-when-cross-origin\" allowfullscreen><\/iframe><\/p>\n<p>&nbsp;<\/p>\n<p><iframe loading=\"lazy\" title=\"Vidzemes TV si\u017eets par R\u012bga-Valmiera 2019\" width=\"640\" height=\"360\" src=\"https:\/\/www.youtube.com\/embed\/HHD-q4IYy3Q?feature=oembed\" frameborder=\"0\" allow=\"accelerometer; autoplay; clipboard-write; encrypted-media; gyroscope; picture-in-picture; web-share\" referrerpolicy=\"strict-origin-when-cross-origin\" allowfullscreen><\/iframe><\/p>\n<p><iframe loading=\"lazy\" title=\"Skr\u0113jienso\u013cojums R\u012bga - Valmiera 2018\" width=\"640\" height=\"360\" src=\"https:\/\/www.youtube.com\/embed\/NXRdQUyOuII?feature=oembed\" frameborder=\"0\" allow=\"accelerometer; autoplay; clipboard-write; encrypted-media; gyroscope; picture-in-picture; web-share\" referrerpolicy=\"strict-origin-when-cross-origin\" allowfullscreen><\/iframe><\/p>\n<p><iframe loading=\"lazy\" title=\"Skr\u0113jienso\u013cojums &quot;R\u012bga - Valmiera&quot; 2017\" width=\"640\" height=\"360\" src=\"https:\/\/www.youtube.com\/embed\/4xAwvW5cNcA?feature=oembed\" frameborder=\"0\" allow=\"accelerometer; autoplay; clipboard-write; encrypted-media; gyroscope; picture-in-picture; web-share\" referrerpolicy=\"strict-origin-when-cross-origin\" allowfullscreen><\/iframe><\/p>\n<p><iframe loading=\"lazy\" title=\"Skr\u0113jienso\u013cojums R\u012bga - Valmiera 2017\" width=\"640\" height=\"360\" src=\"https:\/\/www.youtube.com\/embed\/osgHpUincu0?feature=oembed\" frameborder=\"0\" allow=\"accelerometer; autoplay; clipboard-write; encrypted-media; gyroscope; picture-in-picture; web-share\" referrerpolicy=\"strict-origin-when-cross-origin\" allowfullscreen><\/iframe><\/p>\n<p><iframe loading=\"lazy\" title=\"R\u012bga - Valmiera 2016\" width=\"640\" height=\"360\" src=\"https:\/\/www.youtube.com\/embed\/KI6JFUhOGTU?feature=oembed\" frameborder=\"0\" allow=\"accelerometer; autoplay; clipboard-write; encrypted-media; gyroscope; picture-in-picture; web-share\" referrerpolicy=\"strict-origin-when-cross-origin\" allowfullscreen><\/iframe><\/p>\n<p><iframe loading=\"lazy\" title=\"Ultramaratons R\u012bga - Valmiera 107 kilometri\" width=\"640\" height=\"360\" src=\"https:\/\/www.youtube.com\/embed\/65fDfTNJDIs?feature=oembed\" frameborder=\"0\" allow=\"accelerometer; autoplay; clipboard-write; encrypted-media; gyroscope; picture-in-picture; web-share\" referrerpolicy=\"strict-origin-when-cross-origin\" allowfullscreen><\/iframe><\/p>\n<p>Find out our photos and video in <a href=\"https:\/\/www.instagram.com\/ultrataka.lv\/\">Instagram<\/a> and <a href=\"https:\/\/www.facebook.com\/ultrataka.lv\">Facebook<\/a><\/p>\n","protected":false},"excerpt":{"rendered":"<p>Moments and colors from\u00a0R\u012bga-Valmiera 107 km &nbsp; &nbsp; Find out our photos and video in Instagram and Facebook<\/p>\n","protected":false},"author":3,"featured_media":0,"parent":0,"menu_order":0,"comment_status":"closed","ping_status":"closed","template":"","meta":[],"_links":{"self":[{"href":"https:\/\/ultrataka.lv\/eng\/wp-json\/wp\/v2\/pages\/24"}],"collection":[{"href":"https:\/\/ultrataka.lv\/eng\/wp-json\/wp\/v2\/pages"}],"about":[{"href":"https:\/\/ultrataka.lv\/eng\/wp-json\/wp\/v2\/types\/page"}],"author":[{"embeddable":true,"href":"https:\/\/ultrataka.lv\/eng\/wp-json\/wp\/v2\/users\/3"}],"replies":[{"embeddable":true,"href":"https:\/\/ultrataka.lv\/eng\/wp-json\/wp\/v2\/comments?post=24"}],"version-history":[{"count":19,"href":"https:\/\/ultrataka.lv\/eng\/wp-json\/wp\/v2\/pages\/24\/revisions"}],"predecessor-version":[{"id":367,"href":"https:\/\/ultrataka.lv\/eng\/wp-json\/wp\/v2\/pages\/24\/revisions\/367"}],"wp:attachment":[{"href":"https:\/\/ultrataka.lv\/eng\/wp-json\/wp\/v2\/media?parent=24"}],"curies":[{"name":"wp","href":"https:\/\/api.w.org\/{rel}","templated":true}]}}