{"id":5,"date":"2016-12-13T15:14:08","date_gmt":"2016-12-13T15:14:08","guid":{"rendered":"http:\/\/ultrataka.lv\/eng\/?page_id=5"},"modified":"2023-12-27T22:36:40","modified_gmt":"2023-12-27T20:36:40","slug":"legend","status":"publish","type":"page","link":"https:\/\/ultrataka.lv\/eng\/legend\/","title":{"rendered":"Legend"},"content":{"rendered":"<p>(CHARITY) RACE TO HANDLE<\/p>\n<p><img decoding=\"async\" loading=\"lazy\" class=\"size-medium wp-image-56 aligncenter\" src=\"http:\/\/ultrataka.lv\/eng\/wp-content\/uploads\/sites\/2\/2016\/12\/logo-300x212.jpg\" alt=\"\" width=\"300\" height=\"212\" srcset=\"https:\/\/ultrataka.lv\/eng\/wp-content\/uploads\/sites\/2\/2016\/12\/logo-300x212.jpg 300w, https:\/\/ultrataka.lv\/eng\/wp-content\/uploads\/sites\/2\/2016\/12\/logo-768x543.jpg 768w, https:\/\/ultrataka.lv\/eng\/wp-content\/uploads\/sites\/2\/2016\/12\/logo-1024x725.jpg 1024w, https:\/\/ultrataka.lv\/eng\/wp-content\/uploads\/sites\/2\/2016\/12\/logo.jpg 2048w\" sizes=\"(max-width: 300px) 100vw, 300px\" \/><\/p>\n<p>107 kilometers long \u201cGladiator walk\u201d was as a weapon in the fight for Latvian independence in time of the third awakening (1989-1993). \u201cFreedom for Latvia\u201d was on participants race numbers. Those are stories wrapped with legends about runners in\u00a0street shoes and jeans. Unselfish support of locals, sleeping in bus stops and unbeaten track record (08:01:38) achieved by legendary ultrarunner Georgs Jermolajevs.<\/p>\n<p>Race R\u012bga-Valmiera connects capital city of Latvia with largest city of Vidzeme, which is famous for first Latvian Summer Olympic Games medalist \u2013 race walker J\u0101nis Dali\u0146\u0161 (silver in 50km race walk, Los Angeles 1932). Emotionally and adventurously fulfilled Latvian ultramarathon unites decades \u2013 there are historical participants of first runs together with others.<\/p>\n<p>Singing of national anthem in chorus at the Monument of Freedom and start in midnight under three stars of Milda in center of Riga. Inexhaustible support from volunteers in nine checkpoints along the route. Fight between leaders and each participants inner fight and existential questioning. Highway, night, darkness, lorries, fatigue, exhaustion and temptation for Simon. That is 107km long race to St. Simon\u2019s churches door handle with elements of running, walking and crawling.<\/p>\n<p>A bottle of kefir and strudel instead of a medal. Complementary massage after finish. 107 km as a small Latvian version of Spartathlon with mayor if city in start and orchestra in finish. That is the only one race in Latvia with limited amount of participants.\u00a0 107 participation entries are sold out 107 days before start.<\/p>\n<p>The race was renewed in 2014 and it continues traditions of Latvian ultramarathon running as stage of cup in long distance running. Gladiator walk yesterday, charity today. In 2015 one and a half hundred runners and volunteers donated almost 2200 euros for little girl\u2019s Und\u012bne health. And in 2016 more than 3000 were donated for little J\u0113kabs dolphin therapies. Charity creates miracles \u2013 if in one year Und\u012bne greeted finishers in wheelchair, then this year she arrived on her own feet.<\/p>\n<p>If Und\u012bne can, then so do participants. Each spring they return on route to bring greeting from Milda to Simon. Some participants have made these 107km ten and more times. Two ultrarunners have participated in all 10 renewed R\u012bga-Valmiera races. The best results are holding Vita Devjat\u0146ikova (09:09:45, 2023) and Toms Komass (07:41:38, 2023).<\/p>\n<p>The 2018 anniversary race was attended by representatives of 10 countries, including guests from Italy with the experience of Spartatlon and over 25 NATO soldiers from Spain.<\/p>\n<p>R\u012bga-Valmiera is a rare event not only in Latvia, which survived the Covid-19 pandemic and has been held for the last 10 years without interruption, growing not only the level of results, but also the amount of charity. If in the first years it was possible to collect two or three thousand euros, then the last four races have surpassed each other. In 2022, we collected almost six thousand euros for little girl Krista Sprige, while in 2023, boy Eliass Kupriss got almost nine thousand.<\/p>\n<pre>https:\/\/youtu.be\/65fDfTNJDIs\r\nRiga - Valmiera race on National Television show \"Sporta Studija\"\r\n<\/pre>\n","protected":false},"excerpt":{"rendered":"<p>(CHARITY) RACE TO HANDLE 107 kilometers long \u201cGladiator walk\u201d was as a weapon in the fight for Latvian independence in time of the third awakening (1989-1993). \u201cFreedom for Latvia\u201d was on participants race numbers. Those are stories wrapped with legends about runners in\u00a0street shoes and jeans. Unselfish support of locals, sleeping in bus stops and [&hellip;]<\/p>\n","protected":false},"author":3,"featured_media":0,"parent":0,"menu_order":0,"comment_status":"closed","ping_status":"closed","template":"","meta":[],"_links":{"self":[{"href":"https:\/\/ultrataka.lv\/eng\/wp-json\/wp\/v2\/pages\/5"}],"collection":[{"href":"https:\/\/ultrataka.lv\/eng\/wp-json\/wp\/v2\/pages"}],"about":[{"href":"https:\/\/ultrataka.lv\/eng\/wp-json\/wp\/v2\/types\/page"}],"author":[{"embeddable":true,"href":"https:\/\/ultrataka.lv\/eng\/wp-json\/wp\/v2\/users\/3"}],"replies":[{"embeddable":true,"href":"https:\/\/ultrataka.lv\/eng\/wp-json\/wp\/v2\/comments?post=5"}],"version-history":[{"count":12,"href":"https:\/\/ultrataka.lv\/eng\/wp-json\/wp\/v2\/pages\/5\/revisions"}],"predecessor-version":[{"id":322,"href":"https:\/\/ultrataka.lv\/eng\/wp-json\/wp\/v2\/pages\/5\/revisions\/322"}],"wp:attachment":[{"href":"https:\/\/ultrataka.lv\/eng\/wp-json\/wp\/v2\/media?parent=5"}],"curies":[{"name":"wp","href":"https:\/\/api.w.org\/{rel}","templated":true}]}}